{"id":585,"date":"2025-07-01T18:33:20","date_gmt":"2025-07-01T18:33:20","guid":{"rendered":"https:\/\/archidesign.arq.br\/novosite\/?page_id=585"},"modified":"2025-07-10T02:55:32","modified_gmt":"2025-07-10T02:55:32","slug":"oceana-atlantico","status":"publish","type":"page","link":"https:\/\/archidesign.arq.br\/index.php\/oceana-atlantico\/","title":{"rendered":"oceana atl\u00e2ntico"},"content":{"rendered":"\t\t<div data-elementor-type=\"wp-page\" data-elementor-id=\"585\" class=\"elementor elementor-585\">\n\t\t\t\t<div class=\"elementor-element elementor-element-1bcb16b5 e-con-full e-flex e-con e-parent\" data-id=\"1bcb16b5\" data-element_type=\"container\" data-e-type=\"container\" data-settings=\"{&quot;background_background&quot;:&quot;classic&quot;}\">\n\t\t\t\t<div class=\"elementor-element elementor-element-7aebdfb elementor-widget__width-inherit elementor-hidden-tablet elementor-hidden-mobile elementor-widget elementor-widget-text-editor\" data-id=\"7aebdfb\" data-element_type=\"widget\" data-e-type=\"widget\" data-widget_type=\"text-editor.default\">\n\t\t\t\t<div class=\"elementor-widget-container\">\n\t\t\t\t\t\t\t\t\t<p style=\"text-align: center; font-family: 'Roboto', sans-serif;\"><span style=\"color: #e44f2a; font-size: 80px;\">oceana atl\u00e2ntico<\/span><br \/><span style=\"color: #ffffff; font-size: 30px;\">jo\u00e3o pessoa &#8211; pb<\/span><\/p>\t\t\t\t\t\t\t\t<\/div>\n\t\t\t\t<\/div>\n\t\t\t\t<\/div>\n\t\t<div class=\"elementor-element elementor-element-717712c9 e-grid e-con-boxed e-con e-parent\" data-id=\"717712c9\" data-element_type=\"container\" data-e-type=\"container\">\n\t\t\t\t\t<div class=\"e-con-inner\">\n\t\t\t\t<div class=\"elementor-element elementor-element-ccdf6d0 elementor-absolute elementor-hidden-desktop elementor-widget elementor-widget-text-editor\" data-id=\"ccdf6d0\" data-element_type=\"widget\" data-e-type=\"widget\" data-settings=\"{&quot;_position&quot;:&quot;absolute&quot;}\" data-widget_type=\"text-editor.default\">\n\t\t\t\t<div class=\"elementor-widget-container\">\n\t\t\t\t\t\t\t\t\t<p style=\"text-align: center; font-family: 'Roboto', sans-serif;\"><span style=\"color: #e44f2a; font-size: 80px;\">oceana atl\u00e2ntico<\/span><br \/><span style=\"color: #ffffff; font-size: 30px;\">jo\u00e3o pessoa &#8211; pb<\/span><\/p>\t\t\t\t\t\t\t\t<\/div>\n\t\t\t\t<\/div>\n\t\t\t\t\t<\/div>\n\t\t\t\t<\/div>\n\t\t<div class=\"elementor-element elementor-element-2304eda6 e-flex e-con-boxed e-con e-parent\" data-id=\"2304eda6\" data-element_type=\"container\" data-e-type=\"container\">\n\t\t\t\t\t<div class=\"e-con-inner\">\n\t\t\t\t<div class=\"elementor-element elementor-element-5ecbda elementor-align-left elementor-widget elementor-widget-button\" data-id=\"5ecbda\" data-element_type=\"widget\" data-e-type=\"widget\" data-widget_type=\"button.default\">\n\t\t\t\t<div class=\"elementor-widget-container\">\n\t\t\t\t\t\t\t\t\t<div class=\"elementor-button-wrapper\">\n\t\t\t\t\t<a class=\"elementor-button elementor-button-link elementor-size-sm\" href=\"https:\/\/archidesign.arq.br\/index.php\/projetos\/\">\n\t\t\t\t\t\t<span class=\"elementor-button-content-wrapper\">\n\t\t\t\t\t\t<span class=\"elementor-button-icon\">\n\t\t\t\t<svg aria-hidden=\"true\" class=\"e-font-icon-svg e-fas-arrow-left\" viewBox=\"0 0 448 512\" xmlns=\"http:\/\/www.w3.org\/2000\/svg\"><path d=\"M257.5 445.1l-22.2 22.2c-9.4 9.4-24.6 9.4-33.9 0L7 273c-9.4-9.4-9.4-24.6 0-33.9L201.4 44.7c9.4-9.4 24.6-9.4 33.9 0l22.2 22.2c9.5 9.5 9.3 25-.4 34.3L136.6 216H424c13.3 0 24 10.7 24 24v32c0 13.3-10.7 24-24 24H136.6l120.5 114.8c9.8 9.3 10 24.8.4 34.3z\"><\/path><\/svg>\t\t\t<\/span>\n\t\t\t\t\t\t\t\t<\/span>\n\t\t\t\t\t<\/a>\n\t\t\t\t<\/div>\n\t\t\t\t\t\t\t\t<\/div>\n\t\t\t\t<\/div>\n\t\t\t\t\t<\/div>\n\t\t\t\t<\/div>\n\t\t<div class=\"elementor-element elementor-element-45dcf7f7 e-flex e-con-boxed e-con e-parent\" data-id=\"45dcf7f7\" data-element_type=\"container\" data-e-type=\"container\">\n\t\t\t\t\t<div class=\"e-con-inner\">\n\t\t\t\t<div class=\"elementor-element elementor-element-65b598f1 gallery-spacing-custom elementor-widget elementor-widget-image-gallery\" data-id=\"65b598f1\" data-element_type=\"widget\" data-e-type=\"widget\" data-widget_type=\"image-gallery.default\">\n\t\t\t\t<div class=\"elementor-widget-container\">\n\t\t\t\t\t\t\t<div class=\"elementor-image-gallery\">\n\t\t\t<div id='gallery-1' class='gallery galleryid-585 gallery-columns-3 gallery-size-large'><figure class='gallery-item'>\n\t\t\t<div class='gallery-icon landscape'>\n\t\t\t\t<a data-elementor-open-lightbox=\"yes\" data-elementor-lightbox-slideshow=\"65b598f1\" data-elementor-lightbox-title=\"IMG_1939\" data-e-action-hash=\"#elementor-action%3Aaction%3Dlightbox%26settings%3DeyJpZCI6NTkxLCJ1cmwiOiJodHRwczpcL1wvYXJjaGlkZXNpZ24uYXJxLmJyXC93cC1jb250ZW50XC91cGxvYWRzXC8yMDI1XC8wN1wvSU1HXzE5MzkuanBnIiwic2xpZGVzaG93IjoiNjViNTk4ZjEifQ%3D%3D\" href='https:\/\/archidesign.arq.br\/wp-content\/uploads\/2025\/07\/IMG_1939.jpg'><img fetchpriority=\"high\" decoding=\"async\" width=\"543\" height=\"405\" src=\"https:\/\/archidesign.arq.br\/wp-content\/uploads\/2025\/07\/IMG_1939.jpg\" class=\"attachment-large size-large\" alt=\"\" srcset=\"https:\/\/archidesign.arq.br\/wp-content\/uploads\/2025\/07\/IMG_1939.jpg 543w, https:\/\/archidesign.arq.br\/wp-content\/uploads\/2025\/07\/IMG_1939-300x224.jpg 300w\" sizes=\"(max-width: 543px) 100vw, 543px\" \/><\/a>\n\t\t\t<\/div><\/figure><figure class='gallery-item'>\n\t\t\t<div class='gallery-icon landscape'>\n\t\t\t\t<a data-elementor-open-lightbox=\"yes\" data-elementor-lightbox-slideshow=\"65b598f1\" data-elementor-lightbox-title=\"APC_0659lex(4)\" data-e-action-hash=\"#elementor-action%3Aaction%3Dlightbox%26settings%3DeyJpZCI6NTg4LCJ1cmwiOiJodHRwczpcL1wvYXJjaGlkZXNpZ24uYXJxLmJyXC93cC1jb250ZW50XC91cGxvYWRzXC8yMDI1XC8wN1wvQVBDXzA2NTlsZXg0LXNjYWxlZC5qcGciLCJzbGlkZXNob3ciOiI2NWI1OThmMSJ9\" href='https:\/\/archidesign.arq.br\/wp-content\/uploads\/2025\/07\/APC_0659lex4-scaled.jpg'><img decoding=\"async\" width=\"800\" height=\"649\" src=\"https:\/\/archidesign.arq.br\/wp-content\/uploads\/2025\/07\/APC_0659lex4-1024x831.jpg\" class=\"attachment-large size-large\" alt=\"\" srcset=\"https:\/\/archidesign.arq.br\/wp-content\/uploads\/2025\/07\/APC_0659lex4-1024x831.jpg 1024w, https:\/\/archidesign.arq.br\/wp-content\/uploads\/2025\/07\/APC_0659lex4-300x243.jpg 300w, https:\/\/archidesign.arq.br\/wp-content\/uploads\/2025\/07\/APC_0659lex4-768x623.jpg 768w, https:\/\/archidesign.arq.br\/wp-content\/uploads\/2025\/07\/APC_0659lex4-1536x1246.jpg 1536w, https:\/\/archidesign.arq.br\/wp-content\/uploads\/2025\/07\/APC_0659lex4-2048x1661.jpg 2048w\" sizes=\"(max-width: 800px) 100vw, 800px\" \/><\/a>\n\t\t\t<\/div><\/figure><figure class='gallery-item'>\n\t\t\t<div class='gallery-icon landscape'>\n\t\t\t\t<a data-elementor-open-lightbox=\"yes\" data-elementor-lightbox-slideshow=\"65b598f1\" data-elementor-lightbox-title=\"27E2A66F-EC43-4A39-B0A1-B7967D26B29E\" data-e-action-hash=\"#elementor-action%3Aaction%3Dlightbox%26settings%3DeyJpZCI6NTg3LCJ1cmwiOiJodHRwczpcL1wvYXJjaGlkZXNpZ24uYXJxLmJyXC93cC1jb250ZW50XC91cGxvYWRzXC8yMDI1XC8wN1wvMjdFMkE2NkYtRUM0My00QTM5LUIwQTEtQjc5NjdEMjZCMjlFLmpwZyIsInNsaWRlc2hvdyI6IjY1YjU5OGYxIn0%3D\" href='https:\/\/archidesign.arq.br\/wp-content\/uploads\/2025\/07\/27E2A66F-EC43-4A39-B0A1-B7967D26B29E.jpg'><img decoding=\"async\" width=\"800\" height=\"502\" src=\"https:\/\/archidesign.arq.br\/wp-content\/uploads\/2025\/07\/27E2A66F-EC43-4A39-B0A1-B7967D26B29E-1024x643.jpg\" class=\"attachment-large size-large\" alt=\"\" srcset=\"https:\/\/archidesign.arq.br\/wp-content\/uploads\/2025\/07\/27E2A66F-EC43-4A39-B0A1-B7967D26B29E-1024x643.jpg 1024w, https:\/\/archidesign.arq.br\/wp-content\/uploads\/2025\/07\/27E2A66F-EC43-4A39-B0A1-B7967D26B29E-300x188.jpg 300w, https:\/\/archidesign.arq.br\/wp-content\/uploads\/2025\/07\/27E2A66F-EC43-4A39-B0A1-B7967D26B29E-768x482.jpg 768w, https:\/\/archidesign.arq.br\/wp-content\/uploads\/2025\/07\/27E2A66F-EC43-4A39-B0A1-B7967D26B29E-1536x965.jpg 1536w, https:\/\/archidesign.arq.br\/wp-content\/uploads\/2025\/07\/27E2A66F-EC43-4A39-B0A1-B7967D26B29E.jpg 2047w\" sizes=\"(max-width: 800px) 100vw, 800px\" \/><\/a>\n\t\t\t<\/div><\/figure><figure class='gallery-item'>\n\t\t\t<div class='gallery-icon landscape'>\n\t\t\t\t<a data-elementor-open-lightbox=\"yes\" data-elementor-lightbox-slideshow=\"65b598f1\" data-elementor-lightbox-title=\"IMG_9536\" data-e-action-hash=\"#elementor-action%3Aaction%3Dlightbox%26settings%3DeyJpZCI6NTk1LCJ1cmwiOiJodHRwczpcL1wvYXJjaGlkZXNpZ24uYXJxLmJyXC93cC1jb250ZW50XC91cGxvYWRzXC8yMDI1XC8wN1wvSU1HXzk1MzYtc2NhbGVkLmpwZyIsInNsaWRlc2hvdyI6IjY1YjU5OGYxIn0%3D\" href='https:\/\/archidesign.arq.br\/wp-content\/uploads\/2025\/07\/IMG_9536-scaled.jpg'><img loading=\"lazy\" decoding=\"async\" width=\"800\" height=\"484\" src=\"https:\/\/archidesign.arq.br\/wp-content\/uploads\/2025\/07\/IMG_9536-1024x619.jpg\" class=\"attachment-large size-large\" alt=\"\" srcset=\"https:\/\/archidesign.arq.br\/wp-content\/uploads\/2025\/07\/IMG_9536-1024x619.jpg 1024w, https:\/\/archidesign.arq.br\/wp-content\/uploads\/2025\/07\/IMG_9536-300x181.jpg 300w, https:\/\/archidesign.arq.br\/wp-content\/uploads\/2025\/07\/IMG_9536-768x464.jpg 768w, https:\/\/archidesign.arq.br\/wp-content\/uploads\/2025\/07\/IMG_9536-1536x928.jpg 1536w, https:\/\/archidesign.arq.br\/wp-content\/uploads\/2025\/07\/IMG_9536-2048x1238.jpg 2048w\" sizes=\"(max-width: 800px) 100vw, 800px\" \/><\/a>\n\t\t\t<\/div><\/figure><figure class='gallery-item'>\n\t\t\t<div class='gallery-icon portrait'>\n\t\t\t\t<a data-elementor-open-lightbox=\"yes\" data-elementor-lightbox-slideshow=\"65b598f1\" data-elementor-lightbox-title=\"IMG_6988\" data-e-action-hash=\"#elementor-action%3Aaction%3Dlightbox%26settings%3DeyJpZCI6NTk2LCJ1cmwiOiJodHRwczpcL1wvYXJjaGlkZXNpZ24uYXJxLmJyXC93cC1jb250ZW50XC91cGxvYWRzXC8yMDI1XC8wN1wvSU1HXzY5ODgtc2NhbGVkLmpwZyIsInNsaWRlc2hvdyI6IjY1YjU5OGYxIn0%3D\" href='https:\/\/archidesign.arq.br\/wp-content\/uploads\/2025\/07\/IMG_6988-scaled.jpg'><img loading=\"lazy\" decoding=\"async\" width=\"768\" height=\"1024\" src=\"https:\/\/archidesign.arq.br\/wp-content\/uploads\/2025\/07\/IMG_6988-768x1024.jpg\" class=\"attachment-large size-large\" alt=\"\" srcset=\"https:\/\/archidesign.arq.br\/wp-content\/uploads\/2025\/07\/IMG_6988-768x1024.jpg 768w, https:\/\/archidesign.arq.br\/wp-content\/uploads\/2025\/07\/IMG_6988-225x300.jpg 225w, https:\/\/archidesign.arq.br\/wp-content\/uploads\/2025\/07\/IMG_6988-1152x1536.jpg 1152w, https:\/\/archidesign.arq.br\/wp-content\/uploads\/2025\/07\/IMG_6988-1536x2048.jpg 1536w, https:\/\/archidesign.arq.br\/wp-content\/uploads\/2025\/07\/IMG_6988-scaled.jpg 1920w\" sizes=\"(max-width: 768px) 100vw, 768px\" \/><\/a>\n\t\t\t<\/div><\/figure><figure class='gallery-item'>\n\t\t\t<div class='gallery-icon portrait'>\n\t\t\t\t<a data-elementor-open-lightbox=\"yes\" data-elementor-lightbox-slideshow=\"65b598f1\" data-elementor-lightbox-title=\"495C97DA-5707-48A8-B912-BFD30D34EB5A\" data-e-action-hash=\"#elementor-action%3Aaction%3Dlightbox%26settings%3DeyJpZCI6NTk3LCJ1cmwiOiJodHRwczpcL1wvYXJjaGlkZXNpZ24uYXJxLmJyXC93cC1jb250ZW50XC91cGxvYWRzXC8yMDI1XC8wN1wvNDk1Qzk3REEtNTcwNy00OEE4LUI5MTItQkZEMzBEMzRFQjVBLXNjYWxlZC5qcGciLCJzbGlkZXNob3ciOiI2NWI1OThmMSJ9\" href='https:\/\/archidesign.arq.br\/wp-content\/uploads\/2025\/07\/495C97DA-5707-48A8-B912-BFD30D34EB5A-scaled.jpg'><img loading=\"lazy\" decoding=\"async\" width=\"800\" height=\"1000\" src=\"https:\/\/archidesign.arq.br\/wp-content\/uploads\/2025\/07\/495C97DA-5707-48A8-B912-BFD30D34EB5A-819x1024.jpg\" class=\"attachment-large size-large\" alt=\"\" srcset=\"https:\/\/archidesign.arq.br\/wp-content\/uploads\/2025\/07\/495C97DA-5707-48A8-B912-BFD30D34EB5A-819x1024.jpg 819w, https:\/\/archidesign.arq.br\/wp-content\/uploads\/2025\/07\/495C97DA-5707-48A8-B912-BFD30D34EB5A-240x300.jpg 240w, https:\/\/archidesign.arq.br\/wp-content\/uploads\/2025\/07\/495C97DA-5707-48A8-B912-BFD30D34EB5A-768x960.jpg 768w, https:\/\/archidesign.arq.br\/wp-content\/uploads\/2025\/07\/495C97DA-5707-48A8-B912-BFD30D34EB5A-1229x1536.jpg 1229w, https:\/\/archidesign.arq.br\/wp-content\/uploads\/2025\/07\/495C97DA-5707-48A8-B912-BFD30D34EB5A-1638x2048.jpg 1638w, https:\/\/archidesign.arq.br\/wp-content\/uploads\/2025\/07\/495C97DA-5707-48A8-B912-BFD30D34EB5A-scaled.jpg 2048w\" sizes=\"(max-width: 800px) 100vw, 800px\" \/><\/a>\n\t\t\t<\/div><\/figure><figure class='gallery-item'>\n\t\t\t<div class='gallery-icon portrait'>\n\t\t\t\t<a data-elementor-open-lightbox=\"yes\" data-elementor-lightbox-slideshow=\"65b598f1\" data-elementor-lightbox-title=\"IMG_8385\" data-e-action-hash=\"#elementor-action%3Aaction%3Dlightbox%26settings%3DeyJpZCI6NTkyLCJ1cmwiOiJodHRwczpcL1wvYXJjaGlkZXNpZ24uYXJxLmJyXC93cC1jb250ZW50XC91cGxvYWRzXC8yMDI1XC8wN1wvSU1HXzgzODUtc2NhbGVkLmpwZyIsInNsaWRlc2hvdyI6IjY1YjU5OGYxIn0%3D\" href='https:\/\/archidesign.arq.br\/wp-content\/uploads\/2025\/07\/IMG_8385-scaled.jpg'><img loading=\"lazy\" decoding=\"async\" width=\"768\" height=\"1024\" src=\"https:\/\/archidesign.arq.br\/wp-content\/uploads\/2025\/07\/IMG_8385-768x1024.jpg\" class=\"attachment-large size-large\" alt=\"\" srcset=\"https:\/\/archidesign.arq.br\/wp-content\/uploads\/2025\/07\/IMG_8385-768x1024.jpg 768w, https:\/\/archidesign.arq.br\/wp-content\/uploads\/2025\/07\/IMG_8385-225x300.jpg 225w, https:\/\/archidesign.arq.br\/wp-content\/uploads\/2025\/07\/IMG_8385-1152x1536.jpg 1152w, https:\/\/archidesign.arq.br\/wp-content\/uploads\/2025\/07\/IMG_8385-1536x2048.jpg 1536w, https:\/\/archidesign.arq.br\/wp-content\/uploads\/2025\/07\/IMG_8385-scaled.jpg 1920w\" sizes=\"(max-width: 768px) 100vw, 768px\" \/><\/a>\n\t\t\t<\/div><\/figure><figure class='gallery-item'>\n\t\t\t<div class='gallery-icon portrait'>\n\t\t\t\t<a data-elementor-open-lightbox=\"yes\" data-elementor-lightbox-slideshow=\"65b598f1\" data-elementor-lightbox-title=\"APC_0291\" data-e-action-hash=\"#elementor-action%3Aaction%3Dlightbox%26settings%3DeyJpZCI6NTk4LCJ1cmwiOiJodHRwczpcL1wvYXJjaGlkZXNpZ24uYXJxLmJyXC93cC1jb250ZW50XC91cGxvYWRzXC8yMDI1XC8wN1wvQVBDXzAyOTEtc2NhbGVkLmpwZyIsInNsaWRlc2hvdyI6IjY1YjU5OGYxIn0%3D\" href='https:\/\/archidesign.arq.br\/wp-content\/uploads\/2025\/07\/APC_0291-scaled.jpg'><img loading=\"lazy\" decoding=\"async\" width=\"768\" height=\"1024\" src=\"https:\/\/archidesign.arq.br\/wp-content\/uploads\/2025\/07\/APC_0291-768x1024.jpg\" class=\"attachment-large size-large\" alt=\"\" srcset=\"https:\/\/archidesign.arq.br\/wp-content\/uploads\/2025\/07\/APC_0291-768x1024.jpg 768w, https:\/\/archidesign.arq.br\/wp-content\/uploads\/2025\/07\/APC_0291-225x300.jpg 225w, https:\/\/archidesign.arq.br\/wp-content\/uploads\/2025\/07\/APC_0291-1152x1536.jpg 1152w, https:\/\/archidesign.arq.br\/wp-content\/uploads\/2025\/07\/APC_0291-1536x2048.jpg 1536w, https:\/\/archidesign.arq.br\/wp-content\/uploads\/2025\/07\/APC_0291-scaled.jpg 1920w\" sizes=\"(max-width: 768px) 100vw, 768px\" \/><\/a>\n\t\t\t<\/div><\/figure>\n\t\t<\/div>\n\t\t<\/div>\n\t\t\t\t\t\t<\/div>\n\t\t\t\t<\/div>\n\t\t\t\t\t<\/div>\n\t\t\t\t<\/div>\n\t\t<div class=\"elementor-element elementor-element-2b12a47 e-flex e-con-boxed e-con e-parent\" data-id=\"2b12a47\" data-element_type=\"container\" data-e-type=\"container\">\n\t\t\t\t\t<div class=\"e-con-inner\">\n\t\t\t\t\t<\/div>\n\t\t\t\t<\/div>\n\t\t\t\t<\/div>\n\t\t","protected":false},"excerpt":{"rendered":"<p>oceana atl\u00e2nticojo\u00e3o pessoa &#8211; pb oceana atl\u00e2nticojo\u00e3o pessoa &#8211; pb<\/p>\n","protected":false},"author":1,"featured_media":0,"parent":0,"menu_order":0,"comment_status":"closed","ping_status":"closed","template":"elementor_header_footer","meta":{"footnotes":""},"class_list":["post-585","page","type-page","status-publish","hentry"],"_links":{"self":[{"href":"https:\/\/archidesign.arq.br\/index.php\/wp-json\/wp\/v2\/pages\/585","targetHints":{"allow":["GET"]}}],"collection":[{"href":"https:\/\/archidesign.arq.br\/index.php\/wp-json\/wp\/v2\/pages"}],"about":[{"href":"https:\/\/archidesign.arq.br\/index.php\/wp-json\/wp\/v2\/types\/page"}],"author":[{"embeddable":true,"href":"https:\/\/archidesign.arq.br\/index.php\/wp-json\/wp\/v2\/users\/1"}],"replies":[{"embeddable":true,"href":"https:\/\/archidesign.arq.br\/index.php\/wp-json\/wp\/v2\/comments?post=585"}],"version-history":[{"count":0,"href":"https:\/\/archidesign.arq.br\/index.php\/wp-json\/wp\/v2\/pages\/585\/revisions"}],"wp:attachment":[{"href":"https:\/\/archidesign.arq.br\/index.php\/wp-json\/wp\/v2\/media?parent=585"}],"curies":[{"name":"wp","href":"https:\/\/api.w.org\/{rel}","templated":true}]}}