{"id":632,"date":"2025-07-03T16:42:19","date_gmt":"2025-07-03T16:42:19","guid":{"rendered":"https:\/\/archidesign.arq.br\/novosite\/?page_id=632"},"modified":"2025-07-10T03:06:23","modified_gmt":"2025-07-10T03:06:23","slug":"sitio-historico-de-penedo","status":"publish","type":"page","link":"https:\/\/archidesign.arq.br\/index.php\/sitio-historico-de-penedo\/","title":{"rendered":"sitio hist\u00f3rico de penedo"},"content":{"rendered":"\t\t<div data-elementor-type=\"wp-page\" data-elementor-id=\"632\" class=\"elementor elementor-632\">\n\t\t\t\t<div class=\"elementor-element elementor-element-33c56499 e-con-full e-flex e-con e-parent\" data-id=\"33c56499\" data-element_type=\"container\" data-e-type=\"container\" data-settings=\"{&quot;background_background&quot;:&quot;classic&quot;}\">\n\t\t\t\t<div class=\"elementor-element elementor-element-2172cc6 elementor-widget__width-inherit elementor-hidden-tablet elementor-hidden-mobile elementor-widget elementor-widget-text-editor\" data-id=\"2172cc6\" data-element_type=\"widget\" data-e-type=\"widget\" data-widget_type=\"text-editor.default\">\n\t\t\t\t<div class=\"elementor-widget-container\">\n\t\t\t\t\t\t\t\t\t<p style=\"text-align: center; font-family: 'Roboto', sans-serif;\"><span style=\"color: #e44f2a; font-size: 80px;\">s\u00edtio hist\u00f3rico de penedo<\/span><br \/><span style=\"color: #ffffff; font-size: 30px;\">penedo &#8211; ai<\/span><\/p>\t\t\t\t\t\t\t\t<\/div>\n\t\t\t\t<\/div>\n\t\t\t\t<\/div>\n\t\t<div class=\"elementor-element elementor-element-1081201 e-grid e-con-boxed e-con e-parent\" data-id=\"1081201\" data-element_type=\"container\" data-e-type=\"container\">\n\t\t\t\t\t<div class=\"e-con-inner\">\n\t\t\t\t<div class=\"elementor-element elementor-element-d68e356 elementor-absolute elementor-hidden-desktop elementor-widget elementor-widget-text-editor\" data-id=\"d68e356\" data-element_type=\"widget\" data-e-type=\"widget\" data-settings=\"{&quot;_position&quot;:&quot;absolute&quot;}\" data-widget_type=\"text-editor.default\">\n\t\t\t\t<div class=\"elementor-widget-container\">\n\t\t\t\t\t\t\t\t\t<p style=\"text-align: center; font-family: 'Roboto', sans-serif;\"><span style=\"color: #e44f2a; font-size: 60px;\">s\u00edtio hist\u00f3rico de penedo<\/span><br \/><span style=\"color: #ffffff; font-size: 30px;\">penedo &#8211; ai<\/span><\/p>\t\t\t\t\t\t\t\t<\/div>\n\t\t\t\t<\/div>\n\t\t\t\t\t<\/div>\n\t\t\t\t<\/div>\n\t\t<div class=\"elementor-element elementor-element-2387048b e-flex e-con-boxed e-con e-parent\" data-id=\"2387048b\" data-element_type=\"container\" data-e-type=\"container\">\n\t\t\t\t\t<div class=\"e-con-inner\">\n\t\t\t\t<div class=\"elementor-element elementor-element-6b9f9a57 elementor-align-left elementor-widget elementor-widget-button\" data-id=\"6b9f9a57\" data-element_type=\"widget\" data-e-type=\"widget\" data-widget_type=\"button.default\">\n\t\t\t\t<div class=\"elementor-widget-container\">\n\t\t\t\t\t\t\t\t\t<div class=\"elementor-button-wrapper\">\n\t\t\t\t\t<a class=\"elementor-button elementor-button-link elementor-size-sm\" href=\"https:\/\/archidesign.arq.br\/index.php\/projetos\/\">\n\t\t\t\t\t\t<span class=\"elementor-button-content-wrapper\">\n\t\t\t\t\t\t<span class=\"elementor-button-icon\">\n\t\t\t\t<svg aria-hidden=\"true\" class=\"e-font-icon-svg e-fas-arrow-left\" viewBox=\"0 0 448 512\" xmlns=\"http:\/\/www.w3.org\/2000\/svg\"><path d=\"M257.5 445.1l-22.2 22.2c-9.4 9.4-24.6 9.4-33.9 0L7 273c-9.4-9.4-9.4-24.6 0-33.9L201.4 44.7c9.4-9.4 24.6-9.4 33.9 0l22.2 22.2c9.5 9.5 9.3 25-.4 34.3L136.6 216H424c13.3 0 24 10.7 24 24v32c0 13.3-10.7 24-24 24H136.6l120.5 114.8c9.8 9.3 10 24.8.4 34.3z\"><\/path><\/svg>\t\t\t<\/span>\n\t\t\t\t\t\t\t\t<\/span>\n\t\t\t\t\t<\/a>\n\t\t\t\t<\/div>\n\t\t\t\t\t\t\t\t<\/div>\n\t\t\t\t<\/div>\n\t\t\t\t\t<\/div>\n\t\t\t\t<\/div>\n\t\t<div class=\"elementor-element elementor-element-5ae2a166 e-flex e-con-boxed e-con e-parent\" data-id=\"5ae2a166\" data-element_type=\"container\" data-e-type=\"container\">\n\t\t\t\t\t<div class=\"e-con-inner\">\n\t\t\t\t<div class=\"elementor-element elementor-element-5e498e78 gallery-spacing-custom elementor-widget elementor-widget-image-gallery\" data-id=\"5e498e78\" data-element_type=\"widget\" data-e-type=\"widget\" data-widget_type=\"image-gallery.default\">\n\t\t\t\t<div class=\"elementor-widget-container\">\n\t\t\t\t\t\t\t<div class=\"elementor-image-gallery\">\n\t\t\t<div id='gallery-1' class='gallery galleryid-632 gallery-columns-3 gallery-size-large'><figure class='gallery-item'>\n\t\t\t<div class='gallery-icon portrait'>\n\t\t\t\t<a data-elementor-open-lightbox=\"yes\" data-elementor-lightbox-slideshow=\"5e498e78\" data-elementor-lightbox-title=\"84a283cb638208b28a5ecbbf0b7f98e3_fit\" data-e-action-hash=\"#elementor-action%3Aaction%3Dlightbox%26settings%3DeyJpZCI6NjM4LCJ1cmwiOiJodHRwczpcL1wvYXJjaGlkZXNpZ24uYXJxLmJyXC93cC1jb250ZW50XC91cGxvYWRzXC8yMDI1XC8wN1wvODRhMjgzY2I2MzgyMDhiMjhhNWVjYmJmMGI3Zjk4ZTNfZml0LmpwZWciLCJzbGlkZXNob3ciOiI1ZTQ5OGU3OCJ9\" href='https:\/\/archidesign.arq.br\/wp-content\/uploads\/2025\/07\/84a283cb638208b28a5ecbbf0b7f98e3_fit.jpeg'><img fetchpriority=\"high\" decoding=\"async\" width=\"768\" height=\"1024\" src=\"https:\/\/archidesign.arq.br\/wp-content\/uploads\/2025\/07\/84a283cb638208b28a5ecbbf0b7f98e3_fit-768x1024.jpeg\" class=\"attachment-large size-large\" alt=\"\" srcset=\"https:\/\/archidesign.arq.br\/wp-content\/uploads\/2025\/07\/84a283cb638208b28a5ecbbf0b7f98e3_fit-768x1024.jpeg 768w, https:\/\/archidesign.arq.br\/wp-content\/uploads\/2025\/07\/84a283cb638208b28a5ecbbf0b7f98e3_fit-225x300.jpeg 225w, https:\/\/archidesign.arq.br\/wp-content\/uploads\/2025\/07\/84a283cb638208b28a5ecbbf0b7f98e3_fit.jpeg 1000w\" sizes=\"(max-width: 768px) 100vw, 768px\" \/><\/a>\n\t\t\t<\/div><\/figure><figure class='gallery-item'>\n\t\t\t<div class='gallery-icon landscape'>\n\t\t\t\t<a data-elementor-open-lightbox=\"yes\" data-elementor-lightbox-slideshow=\"5e498e78\" data-elementor-lightbox-title=\"6cc59e8eb9f0c176dc580d93b13e3824_fit\" data-e-action-hash=\"#elementor-action%3Aaction%3Dlightbox%26settings%3DeyJpZCI6NjM2LCJ1cmwiOiJodHRwczpcL1wvYXJjaGlkZXNpZ24uYXJxLmJyXC93cC1jb250ZW50XC91cGxvYWRzXC8yMDI1XC8wN1wvNmNjNTllOGViOWYwYzE3NmRjNTgwZDkzYjEzZTM4MjRfZml0LmpwZWciLCJzbGlkZXNob3ciOiI1ZTQ5OGU3OCJ9\" href='https:\/\/archidesign.arq.br\/wp-content\/uploads\/2025\/07\/6cc59e8eb9f0c176dc580d93b13e3824_fit.jpeg'><img decoding=\"async\" width=\"800\" height=\"450\" src=\"https:\/\/archidesign.arq.br\/wp-content\/uploads\/2025\/07\/6cc59e8eb9f0c176dc580d93b13e3824_fit.jpeg\" class=\"attachment-large size-large\" alt=\"\" srcset=\"https:\/\/archidesign.arq.br\/wp-content\/uploads\/2025\/07\/6cc59e8eb9f0c176dc580d93b13e3824_fit.jpeg 1000w, https:\/\/archidesign.arq.br\/wp-content\/uploads\/2025\/07\/6cc59e8eb9f0c176dc580d93b13e3824_fit-300x169.jpeg 300w, https:\/\/archidesign.arq.br\/wp-content\/uploads\/2025\/07\/6cc59e8eb9f0c176dc580d93b13e3824_fit-768x432.jpeg 768w\" sizes=\"(max-width: 800px) 100vw, 800px\" \/><\/a>\n\t\t\t<\/div><\/figure><figure class='gallery-item'>\n\t\t\t<div class='gallery-icon landscape'>\n\t\t\t\t<a data-elementor-open-lightbox=\"yes\" data-elementor-lightbox-slideshow=\"5e498e78\" data-elementor-lightbox-title=\"8513b12db9c80254737d254e5072ac4b_fit\" data-e-action-hash=\"#elementor-action%3Aaction%3Dlightbox%26settings%3DeyJpZCI6NjQwLCJ1cmwiOiJodHRwczpcL1wvYXJjaGlkZXNpZ24uYXJxLmJyXC93cC1jb250ZW50XC91cGxvYWRzXC8yMDI1XC8wN1wvODUxM2IxMmRiOWM4MDI1NDczN2QyNTRlNTA3MmFjNGJfZml0LmpwZWciLCJzbGlkZXNob3ciOiI1ZTQ5OGU3OCJ9\" href='https:\/\/archidesign.arq.br\/wp-content\/uploads\/2025\/07\/8513b12db9c80254737d254e5072ac4b_fit.jpeg'><img decoding=\"async\" width=\"800\" height=\"534\" src=\"https:\/\/archidesign.arq.br\/wp-content\/uploads\/2025\/07\/8513b12db9c80254737d254e5072ac4b_fit.jpeg\" class=\"attachment-large size-large\" alt=\"\" srcset=\"https:\/\/archidesign.arq.br\/wp-content\/uploads\/2025\/07\/8513b12db9c80254737d254e5072ac4b_fit.jpeg 1000w, https:\/\/archidesign.arq.br\/wp-content\/uploads\/2025\/07\/8513b12db9c80254737d254e5072ac4b_fit-300x200.jpeg 300w, https:\/\/archidesign.arq.br\/wp-content\/uploads\/2025\/07\/8513b12db9c80254737d254e5072ac4b_fit-768x512.jpeg 768w\" sizes=\"(max-width: 800px) 100vw, 800px\" \/><\/a>\n\t\t\t<\/div><\/figure><figure class='gallery-item'>\n\t\t\t<div class='gallery-icon landscape'>\n\t\t\t\t<a data-elementor-open-lightbox=\"yes\" data-elementor-lightbox-slideshow=\"5e498e78\" data-elementor-lightbox-title=\"0a897b6b40c3d305ef68eeeb089b5059_fit\" data-e-action-hash=\"#elementor-action%3Aaction%3Dlightbox%26settings%3DeyJpZCI6NjM1LCJ1cmwiOiJodHRwczpcL1wvYXJjaGlkZXNpZ24uYXJxLmJyXC93cC1jb250ZW50XC91cGxvYWRzXC8yMDI1XC8wN1wvMGE4OTdiNmI0MGMzZDMwNWVmNjhlZWViMDg5YjUwNTlfZml0LmpwZWciLCJzbGlkZXNob3ciOiI1ZTQ5OGU3OCJ9\" href='https:\/\/archidesign.arq.br\/wp-content\/uploads\/2025\/07\/0a897b6b40c3d305ef68eeeb089b5059_fit.jpeg'><img loading=\"lazy\" decoding=\"async\" width=\"800\" height=\"534\" src=\"https:\/\/archidesign.arq.br\/wp-content\/uploads\/2025\/07\/0a897b6b40c3d305ef68eeeb089b5059_fit.jpeg\" class=\"attachment-large size-large\" alt=\"\" srcset=\"https:\/\/archidesign.arq.br\/wp-content\/uploads\/2025\/07\/0a897b6b40c3d305ef68eeeb089b5059_fit.jpeg 1000w, https:\/\/archidesign.arq.br\/wp-content\/uploads\/2025\/07\/0a897b6b40c3d305ef68eeeb089b5059_fit-300x200.jpeg 300w, https:\/\/archidesign.arq.br\/wp-content\/uploads\/2025\/07\/0a897b6b40c3d305ef68eeeb089b5059_fit-768x512.jpeg 768w\" sizes=\"(max-width: 800px) 100vw, 800px\" \/><\/a>\n\t\t\t<\/div><\/figure><figure class='gallery-item'>\n\t\t\t<div class='gallery-icon landscape'>\n\t\t\t\t<a data-elementor-open-lightbox=\"yes\" data-elementor-lightbox-slideshow=\"5e498e78\" data-elementor-lightbox-title=\"9b18d281ca328c889ee1277cd2883b85_fit\" data-e-action-hash=\"#elementor-action%3Aaction%3Dlightbox%26settings%3DeyJpZCI6NjM3LCJ1cmwiOiJodHRwczpcL1wvYXJjaGlkZXNpZ24uYXJxLmJyXC93cC1jb250ZW50XC91cGxvYWRzXC8yMDI1XC8wN1wvOWIxOGQyODFjYTMyOGM4ODllZTEyNzdjZDI4ODNiODVfZml0LmpwZWciLCJzbGlkZXNob3ciOiI1ZTQ5OGU3OCJ9\" href='https:\/\/archidesign.arq.br\/wp-content\/uploads\/2025\/07\/9b18d281ca328c889ee1277cd2883b85_fit.jpeg'><img loading=\"lazy\" decoding=\"async\" width=\"800\" height=\"534\" src=\"https:\/\/archidesign.arq.br\/wp-content\/uploads\/2025\/07\/9b18d281ca328c889ee1277cd2883b85_fit.jpeg\" class=\"attachment-large size-large\" alt=\"\" srcset=\"https:\/\/archidesign.arq.br\/wp-content\/uploads\/2025\/07\/9b18d281ca328c889ee1277cd2883b85_fit.jpeg 1000w, https:\/\/archidesign.arq.br\/wp-content\/uploads\/2025\/07\/9b18d281ca328c889ee1277cd2883b85_fit-300x200.jpeg 300w, https:\/\/archidesign.arq.br\/wp-content\/uploads\/2025\/07\/9b18d281ca328c889ee1277cd2883b85_fit-768x512.jpeg 768w\" sizes=\"(max-width: 800px) 100vw, 800px\" \/><\/a>\n\t\t\t<\/div><\/figure><figure class='gallery-item'>\n\t\t\t<div class='gallery-icon landscape'>\n\t\t\t\t<a data-elementor-open-lightbox=\"yes\" data-elementor-lightbox-slideshow=\"5e498e78\" data-elementor-lightbox-title=\"95edae6c04d955c902ca38d9013e00f5_fit\" data-e-action-hash=\"#elementor-action%3Aaction%3Dlightbox%26settings%3DeyJpZCI6NjM5LCJ1cmwiOiJodHRwczpcL1wvYXJjaGlkZXNpZ24uYXJxLmJyXC93cC1jb250ZW50XC91cGxvYWRzXC8yMDI1XC8wN1wvOTVlZGFlNmMwNGQ5NTVjOTAyY2EzOGQ5MDEzZTAwZjVfZml0LmpwZWciLCJzbGlkZXNob3ciOiI1ZTQ5OGU3OCJ9\" href='https:\/\/archidesign.arq.br\/wp-content\/uploads\/2025\/07\/95edae6c04d955c902ca38d9013e00f5_fit.jpeg'><img loading=\"lazy\" decoding=\"async\" width=\"800\" height=\"534\" src=\"https:\/\/archidesign.arq.br\/wp-content\/uploads\/2025\/07\/95edae6c04d955c902ca38d9013e00f5_fit.jpeg\" class=\"attachment-large size-large\" alt=\"\" srcset=\"https:\/\/archidesign.arq.br\/wp-content\/uploads\/2025\/07\/95edae6c04d955c902ca38d9013e00f5_fit.jpeg 1000w, https:\/\/archidesign.arq.br\/wp-content\/uploads\/2025\/07\/95edae6c04d955c902ca38d9013e00f5_fit-300x200.jpeg 300w, https:\/\/archidesign.arq.br\/wp-content\/uploads\/2025\/07\/95edae6c04d955c902ca38d9013e00f5_fit-768x512.jpeg 768w\" sizes=\"(max-width: 800px) 100vw, 800px\" \/><\/a>\n\t\t\t<\/div><\/figure><figure class='gallery-item'>\n\t\t\t<div class='gallery-icon landscape'>\n\t\t\t\t<a data-elementor-open-lightbox=\"yes\" data-elementor-lightbox-slideshow=\"5e498e78\" data-elementor-lightbox-title=\"a7a3a51c17f2a38d2ca6e1d2edd745cd_fit\" data-e-action-hash=\"#elementor-action%3Aaction%3Dlightbox%26settings%3DeyJpZCI6NjQyLCJ1cmwiOiJodHRwczpcL1wvYXJjaGlkZXNpZ24uYXJxLmJyXC93cC1jb250ZW50XC91cGxvYWRzXC8yMDI1XC8wN1wvYTdhM2E1MWMxN2YyYTM4ZDJjYTZlMWQyZWRkNzQ1Y2RfZml0LmpwZWciLCJzbGlkZXNob3ciOiI1ZTQ5OGU3OCJ9\" href='https:\/\/archidesign.arq.br\/wp-content\/uploads\/2025\/07\/a7a3a51c17f2a38d2ca6e1d2edd745cd_fit.jpeg'><img loading=\"lazy\" decoding=\"async\" width=\"800\" height=\"600\" src=\"https:\/\/archidesign.arq.br\/wp-content\/uploads\/2025\/07\/a7a3a51c17f2a38d2ca6e1d2edd745cd_fit.jpeg\" class=\"attachment-large size-large\" alt=\"\" srcset=\"https:\/\/archidesign.arq.br\/wp-content\/uploads\/2025\/07\/a7a3a51c17f2a38d2ca6e1d2edd745cd_fit.jpeg 1000w, https:\/\/archidesign.arq.br\/wp-content\/uploads\/2025\/07\/a7a3a51c17f2a38d2ca6e1d2edd745cd_fit-300x225.jpeg 300w, https:\/\/archidesign.arq.br\/wp-content\/uploads\/2025\/07\/a7a3a51c17f2a38d2ca6e1d2edd745cd_fit-768x576.jpeg 768w\" sizes=\"(max-width: 800px) 100vw, 800px\" \/><\/a>\n\t\t\t<\/div><\/figure><figure class='gallery-item'>\n\t\t\t<div class='gallery-icon landscape'>\n\t\t\t\t<a data-elementor-open-lightbox=\"yes\" data-elementor-lightbox-slideshow=\"5e498e78\" data-elementor-lightbox-title=\"fb0cbdb0b848fdbedf8c3e224f2b6b5a_fit\" data-e-action-hash=\"#elementor-action%3Aaction%3Dlightbox%26settings%3DeyJpZCI6NjQ0LCJ1cmwiOiJodHRwczpcL1wvYXJjaGlkZXNpZ24uYXJxLmJyXC93cC1jb250ZW50XC91cGxvYWRzXC8yMDI1XC8wN1wvZmIwY2JkYjBiODQ4ZmRiZWRmOGMzZTIyNGYyYjZiNWFfZml0LmpwZWciLCJzbGlkZXNob3ciOiI1ZTQ5OGU3OCJ9\" href='https:\/\/archidesign.arq.br\/wp-content\/uploads\/2025\/07\/fb0cbdb0b848fdbedf8c3e224f2b6b5a_fit.jpeg'><img loading=\"lazy\" decoding=\"async\" width=\"800\" height=\"450\" src=\"https:\/\/archidesign.arq.br\/wp-content\/uploads\/2025\/07\/fb0cbdb0b848fdbedf8c3e224f2b6b5a_fit.jpeg\" class=\"attachment-large size-large\" alt=\"\" srcset=\"https:\/\/archidesign.arq.br\/wp-content\/uploads\/2025\/07\/fb0cbdb0b848fdbedf8c3e224f2b6b5a_fit.jpeg 1000w, https:\/\/archidesign.arq.br\/wp-content\/uploads\/2025\/07\/fb0cbdb0b848fdbedf8c3e224f2b6b5a_fit-300x169.jpeg 300w, https:\/\/archidesign.arq.br\/wp-content\/uploads\/2025\/07\/fb0cbdb0b848fdbedf8c3e224f2b6b5a_fit-768x432.jpeg 768w\" sizes=\"(max-width: 800px) 100vw, 800px\" \/><\/a>\n\t\t\t<\/div><\/figure><figure class='gallery-item'>\n\t\t\t<div class='gallery-icon landscape'>\n\t\t\t\t<a data-elementor-open-lightbox=\"yes\" data-elementor-lightbox-slideshow=\"5e498e78\" data-elementor-lightbox-title=\"e26384dbd0fcd1de91053991259844fd_fit\" data-e-action-hash=\"#elementor-action%3Aaction%3Dlightbox%26settings%3DeyJpZCI6NjQzLCJ1cmwiOiJodHRwczpcL1wvYXJjaGlkZXNpZ24uYXJxLmJyXC93cC1jb250ZW50XC91cGxvYWRzXC8yMDI1XC8wN1wvZTI2Mzg0ZGJkMGZjZDFkZTkxMDUzOTkxMjU5ODQ0ZmRfZml0LmpwZWciLCJzbGlkZXNob3ciOiI1ZTQ5OGU3OCJ9\" href='https:\/\/archidesign.arq.br\/wp-content\/uploads\/2025\/07\/e26384dbd0fcd1de91053991259844fd_fit.jpeg'><img loading=\"lazy\" decoding=\"async\" width=\"800\" height=\"450\" src=\"https:\/\/archidesign.arq.br\/wp-content\/uploads\/2025\/07\/e26384dbd0fcd1de91053991259844fd_fit.jpeg\" class=\"attachment-large size-large\" alt=\"\" srcset=\"https:\/\/archidesign.arq.br\/wp-content\/uploads\/2025\/07\/e26384dbd0fcd1de91053991259844fd_fit.jpeg 1000w, https:\/\/archidesign.arq.br\/wp-content\/uploads\/2025\/07\/e26384dbd0fcd1de91053991259844fd_fit-300x169.jpeg 300w, https:\/\/archidesign.arq.br\/wp-content\/uploads\/2025\/07\/e26384dbd0fcd1de91053991259844fd_fit-768x432.jpeg 768w\" sizes=\"(max-width: 800px) 100vw, 800px\" \/><\/a>\n\t\t\t<\/div><\/figure><figure class='gallery-item'>\n\t\t\t<div class='gallery-icon landscape'>\n\t\t\t\t<a data-elementor-open-lightbox=\"yes\" data-elementor-lightbox-slideshow=\"5e498e78\" data-elementor-lightbox-title=\"94248677a3d8da27980ce49a8c89bcc8_fit\" data-e-action-hash=\"#elementor-action%3Aaction%3Dlightbox%26settings%3DeyJpZCI6NjQxLCJ1cmwiOiJodHRwczpcL1wvYXJjaGlkZXNpZ24uYXJxLmJyXC93cC1jb250ZW50XC91cGxvYWRzXC8yMDI1XC8wN1wvOTQyNDg2NzdhM2Q4ZGEyNzk4MGNlNDlhOGM4OWJjYzhfZml0LmpwZWciLCJzbGlkZXNob3ciOiI1ZTQ5OGU3OCJ9\" href='https:\/\/archidesign.arq.br\/wp-content\/uploads\/2025\/07\/94248677a3d8da27980ce49a8c89bcc8_fit.jpeg'><img loading=\"lazy\" decoding=\"async\" width=\"800\" height=\"450\" src=\"https:\/\/archidesign.arq.br\/wp-content\/uploads\/2025\/07\/94248677a3d8da27980ce49a8c89bcc8_fit.jpeg\" class=\"attachment-large size-large\" alt=\"\" srcset=\"https:\/\/archidesign.arq.br\/wp-content\/uploads\/2025\/07\/94248677a3d8da27980ce49a8c89bcc8_fit.jpeg 1000w, https:\/\/archidesign.arq.br\/wp-content\/uploads\/2025\/07\/94248677a3d8da27980ce49a8c89bcc8_fit-300x169.jpeg 300w, https:\/\/archidesign.arq.br\/wp-content\/uploads\/2025\/07\/94248677a3d8da27980ce49a8c89bcc8_fit-768x432.jpeg 768w\" sizes=\"(max-width: 800px) 100vw, 800px\" \/><\/a>\n\t\t\t<\/div><\/figure>\n\t\t<\/div>\n\t\t<\/div>\n\t\t\t\t\t\t<\/div>\n\t\t\t\t<\/div>\n\t\t\t\t\t<\/div>\n\t\t\t\t<\/div>\n\t\t\t\t<\/div>\n\t\t","protected":false},"excerpt":{"rendered":"<p>s\u00edtio hist\u00f3rico de penedopenedo &#8211; ai s\u00edtio hist\u00f3rico de penedopenedo &#8211; ai<\/p>\n","protected":false},"author":1,"featured_media":0,"parent":0,"menu_order":0,"comment_status":"closed","ping_status":"closed","template":"elementor_header_footer","meta":{"footnotes":""},"class_list":["post-632","page","type-page","status-publish","hentry"],"_links":{"self":[{"href":"https:\/\/archidesign.arq.br\/index.php\/wp-json\/wp\/v2\/pages\/632","targetHints":{"allow":["GET"]}}],"collection":[{"href":"https:\/\/archidesign.arq.br\/index.php\/wp-json\/wp\/v2\/pages"}],"about":[{"href":"https:\/\/archidesign.arq.br\/index.php\/wp-json\/wp\/v2\/types\/page"}],"author":[{"embeddable":true,"href":"https:\/\/archidesign.arq.br\/index.php\/wp-json\/wp\/v2\/users\/1"}],"replies":[{"embeddable":true,"href":"https:\/\/archidesign.arq.br\/index.php\/wp-json\/wp\/v2\/comments?post=632"}],"version-history":[{"count":0,"href":"https:\/\/archidesign.arq.br\/index.php\/wp-json\/wp\/v2\/pages\/632\/revisions"}],"wp:attachment":[{"href":"https:\/\/archidesign.arq.br\/index.php\/wp-json\/wp\/v2\/media?parent=632"}],"curies":[{"name":"wp","href":"https:\/\/api.w.org\/{rel}","templated":true}]}}